{"id":1001,"date":"2022-01-25T15:38:45","date_gmt":"2022-01-25T14:38:45","guid":{"rendered":"https:\/\/dev.mafra.group\/?page_id=1001"},"modified":"2024-10-16T16:25:35","modified_gmt":"2024-10-16T14:25:35","slug":"consulenza","status":"publish","type":"page","link":"https:\/\/dev.mafra.group\/?page_id=1001","title":{"rendered":"Consulenza"},"content":{"rendered":"\t\t<div data-elementor-type=\"wp-page\" data-elementor-id=\"1001\" class=\"elementor elementor-1001\" data-elementor-post-type=\"page\">\n\t\t\t\t\t\t<section class=\"elementor-section elementor-top-section elementor-element elementor-element-1e97ddd elementor-section-height-min-height elementor-section-items-top elementor-section-content-middle elementor-section-stretched elementor-section-boxed elementor-section-height-default\" data-id=\"1e97ddd\" data-element_type=\"section\" data-settings=\"{&quot;stretch_section&quot;:&quot;section-stretched&quot;,&quot;background_background&quot;:&quot;classic&quot;}\">\n\t\t\t\t\t\t\t<div class=\"elementor-background-overlay\"><\/div>\n\t\t\t\t\t\t\t<div class=\"elementor-container elementor-column-gap-default\">\n\t\t\t\t\t<div class=\"elementor-column elementor-col-100 elementor-top-column elementor-element elementor-element-decfcfc\" data-id=\"decfcfc\" data-element_type=\"column\">\n\t\t\t<div class=\"elementor-widget-wrap\">\n\t\t\t\t\t\t\t<\/div>\n\t\t<\/div>\n\t\t\t\t\t<\/div>\n\t\t<\/section>\n\t\t\t\t<section class=\"elementor-section elementor-top-section elementor-element elementor-element-af4d3ee elementor-section-boxed elementor-section-height-default elementor-section-height-default\" data-id=\"af4d3ee\" data-element_type=\"section\">\n\t\t\t\t\t\t<div class=\"elementor-container elementor-column-gap-default\">\n\t\t\t\t\t<div class=\"elementor-column elementor-col-100 elementor-top-column elementor-element elementor-element-a487527\" data-id=\"a487527\" data-element_type=\"column\">\n\t\t\t<div class=\"elementor-widget-wrap elementor-element-populated\">\n\t\t\t\t\t\t<div class=\"elementor-element elementor-element-a1e9af5 elementor-widget elementor-widget-heading\" data-id=\"a1e9af5\" data-element_type=\"widget\" data-widget_type=\"heading.default\">\n\t\t\t\t<div class=\"elementor-widget-container\">\n\t\t\t\t\t<h1 class=\"elementor-heading-title elementor-size-default\">Assistere le Aziende Partner nel trasformare le proprie Stazioni di Lavaggio da centri di costo a centri di profitto\n<\/h1>\t\t\t\t<\/div>\n\t\t\t\t<\/div>\n\t\t\t\t<div class=\"elementor-element elementor-element-933a0f5 elementor-widget elementor-widget-text-editor\" data-id=\"933a0f5\" data-element_type=\"widget\" data-widget_type=\"text-editor.default\">\n\t\t\t\t<div class=\"elementor-widget-container\">\n\t\t\t\t\t\t\t\t\t<p>Nell\u2019attuale scenario competitivo, tutto questo significa soprattutto supportare la dirigenza nel rivoluzionare l\u2019approccio al Car Wash, non vedendolo pi\u00f9 come una semplice relazione tra impiego di risorse e quantit\u00e0 di risultati ottenuti, ma come un Centro il cui Responsabile \u00e8 tenuto ad ottimizzare la differenza tra costi e ricavi, avendo la possibilit\u00e0 di incidere almeno sui secondi (prezzi di vendita, sconti), con l\u2019obiettivo di massimizzare il profitto.<\/p><p>Una particolare attenzione nei programmi di sviluppo \u00e8 dedicata al tema dell\u2019approccio &#8220;on site&#8221;, direttamente sul campo: la Rete di vendita MA-FRA, grazie ad un contatto diretto e costante con il Gestore, \u00e8 lo strumento principe di implementazione di questa metodologia di lavoro. Il valore dell\u2019offerta di consulenza MA-FRA \u00e8 rappresentato dalla capacit\u00e0 di integrare efficacemente comunicazione, assistenza tecnica, sviluppo del business e formazione nella proposta di soluzioni efficaci. MA-FRA, tramite i propri esperti, garantisce la costante ricerca e l\u2019aggiornamento di soluzioni di eccellenza, assicurando nel contempo la circolazione e lo scambio di informazioni a livello internazionale. MA-FRA garantisce aggiornamento e sviluppo delle varie strategie attraverso incontri periodici con la propria forza vendita \u2013 CAR WASH SCHOOL \u2013 durante i quali si presentano i nuovi prodotti e si illustrano le nuove strategie commerciali.<\/p><p>MA-FRA per\u00f2 non \u00e8 soltanto questo ed offre consulenza a 360\u00b0. E\u2019 a MA-FRA, infatti, che si rivolgono anche le grandi compagnie petrolifere per effettuare ricerche di mercato sui vari impianti di lavaggio che, attraverso la rete dei concessionari, vengono, poi, concretamente realizzate.<\/p><p>Grazie anche alla Federlavaggi della quale MA-FRA \u00e8 socio fondatore, si \u00e8 strinto ulteriormente il rapporto di collaborazione con le principali aziende costruttrici di impianti. All\u2019interno dell\u2019azienda, infatti, nell\u2019area esterna, sono presenti a rotazione i diversi &#8220;portali&#8221; dei principali costruttori che grazie anche a questo lavoro mettono a punto e sviluppano le nuove tecnologie in una dialettica continua con MA-FRA che porta ad uno scambio di idee ed a una crescita reciproca.<\/p>\t\t\t\t\t\t\t\t<\/div>\n\t\t\t\t<\/div>\n\t\t\t\t\t<\/div>\n\t\t<\/div>\n\t\t\t\t\t<\/div>\n\t\t<\/section>\n\t\t\t\t<\/div>\n\t\t","protected":false},"excerpt":{"rendered":"<p>Assistere le Aziende Partner nel trasformare le proprie Stazioni di Lavaggio da centri di costo a centri di profitto Nell\u2019attuale scenario competitivo, tutto questo significa soprattutto supportare la dirigenza nel rivoluzionare l\u2019approccio al Car Wash, non vedendolo pi\u00f9 come una semplice relazione tra impiego di risorse e quantit\u00e0 di risultati ottenuti, ma come un Centro [&hellip;]<\/p>\n","protected":false},"author":1,"featured_media":0,"parent":0,"menu_order":0,"comment_status":"closed","ping_status":"closed","template":"elementor_header_footer","meta":{"inline_featured_image":false,"ocean_post_layout":"","ocean_both_sidebars_style":"","ocean_both_sidebars_content_width":0,"ocean_both_sidebars_sidebars_width":0,"ocean_sidebar":"0","ocean_second_sidebar":"0","ocean_disable_margins":"enable","ocean_add_body_class":"","ocean_shortcode_before_top_bar":"","ocean_shortcode_after_top_bar":"","ocean_shortcode_before_header":"","ocean_shortcode_after_header":"","ocean_has_shortcode":"","ocean_shortcode_after_title":"","ocean_shortcode_before_footer_widgets":"","ocean_shortcode_after_footer_widgets":"","ocean_shortcode_before_footer_bottom":"","ocean_shortcode_after_footer_bottom":"","ocean_display_top_bar":"default","ocean_display_header":"default","ocean_header_style":"","ocean_center_header_left_menu":"0","ocean_custom_header_template":"0","ocean_custom_logo":0,"ocean_custom_retina_logo":0,"ocean_custom_logo_max_width":0,"ocean_custom_logo_tablet_max_width":0,"ocean_custom_logo_mobile_max_width":0,"ocean_custom_logo_max_height":0,"ocean_custom_logo_tablet_max_height":0,"ocean_custom_logo_mobile_max_height":0,"ocean_header_custom_menu":"0","ocean_menu_typo_font_family":"0","ocean_menu_typo_font_subset":"","ocean_menu_typo_font_size":0,"ocean_menu_typo_font_size_tablet":0,"ocean_menu_typo_font_size_mobile":0,"ocean_menu_typo_font_size_unit":"px","ocean_menu_typo_font_weight":"","ocean_menu_typo_font_weight_tablet":"","ocean_menu_typo_font_weight_mobile":"","ocean_menu_typo_transform":"","ocean_menu_typo_transform_tablet":"","ocean_menu_typo_transform_mobile":"","ocean_menu_typo_line_height":0,"ocean_menu_typo_line_height_tablet":0,"ocean_menu_typo_line_height_mobile":0,"ocean_menu_typo_line_height_unit":"","ocean_menu_typo_spacing":0,"ocean_menu_typo_spacing_tablet":0,"ocean_menu_typo_spacing_mobile":0,"ocean_menu_typo_spacing_unit":"","ocean_menu_link_color":"","ocean_menu_link_color_hover":"","ocean_menu_link_color_active":"","ocean_menu_link_background":"","ocean_menu_link_hover_background":"","ocean_menu_link_active_background":"","ocean_menu_social_links_bg":"","ocean_menu_social_hover_links_bg":"","ocean_menu_social_links_color":"","ocean_menu_social_hover_links_color":"","ocean_disable_title":"default","ocean_disable_heading":"default","ocean_post_title":"","ocean_post_subheading":"","ocean_post_title_style":"","ocean_post_title_background_color":"","ocean_post_title_background":0,"ocean_post_title_bg_image_position":"","ocean_post_title_bg_image_attachment":"","ocean_post_title_bg_image_repeat":"","ocean_post_title_bg_image_size":"","ocean_post_title_height":0,"ocean_post_title_bg_overlay":0.5,"ocean_post_title_bg_overlay_color":"","ocean_disable_breadcrumbs":"default","ocean_breadcrumbs_color":"","ocean_breadcrumbs_separator_color":"","ocean_breadcrumbs_links_color":"","ocean_breadcrumbs_links_hover_color":"","ocean_display_footer_widgets":"default","ocean_display_footer_bottom":"default","ocean_custom_footer_template":"0","osh_disable_topbar_sticky":"default","osh_disable_header_sticky":"default","osh_sticky_header_style":"default","osh_sticky_header_effect":"","osh_custom_sticky_logo":0,"osh_custom_retina_sticky_logo":0,"osh_custom_sticky_logo_height":0,"osh_background_color":"","osh_links_color":"","osh_links_hover_color":"","osh_links_active_color":"","osh_links_bg_color":"","osh_links_hover_bg_color":"","osh_links_active_bg_color":"","osh_menu_social_links_color":"","osh_menu_social_hover_links_color":"","footnotes":""},"class_list":["post-1001","page","type-page","status-publish","hentry","entry"],"yoast_head":"<!-- This site is optimized with the Yoast SEO plugin v27.6 - https:\/\/yoast.com\/product\/yoast-seo-wordpress\/ -->\n<title>Consulenza - Mafra Group<\/title>\n<meta name=\"robots\" content=\"index, follow, max-snippet:-1, max-image-preview:large, max-video-preview:-1\" \/>\n<link rel=\"canonical\" href=\"https:\/\/dev.mafra.group\/?page_id=1001\" \/>\n<meta property=\"og:locale\" content=\"en_US\" \/>\n<meta property=\"og:type\" content=\"article\" \/>\n<meta property=\"og:title\" content=\"Consulenza - Mafra Group\" \/>\n<meta property=\"og:description\" content=\"Assistere le Aziende Partner nel trasformare le proprie Stazioni di Lavaggio da centri di costo a centri di profitto Nell\u2019attuale scenario competitivo, tutto questo significa soprattutto supportare la dirigenza nel rivoluzionare l\u2019approccio al Car Wash, non vedendolo pi\u00f9 come una semplice relazione tra impiego di risorse e quantit\u00e0 di risultati ottenuti, ma come un Centro [&hellip;]\" \/>\n<meta property=\"og:url\" content=\"https:\/\/dev.mafra.group\/?page_id=1001\" \/>\n<meta property=\"og:site_name\" content=\"Mafra Group\" \/>\n<meta property=\"article:modified_time\" content=\"2024-10-16T14:25:35+00:00\" \/>\n<meta name=\"twitter:card\" content=\"summary_large_image\" \/>\n<meta name=\"twitter:label1\" content=\"Est. reading time\" \/>\n\t<meta name=\"twitter:data1\" content=\"2 minutes\" \/>\n<script type=\"application\/ld+json\" class=\"yoast-schema-graph\">{\"@context\":\"https:\\\/\\\/schema.org\",\"@graph\":[{\"@type\":\"WebPage\",\"@id\":\"https:\\\/\\\/dev.mafra.group\\\/?page_id=1001\",\"url\":\"https:\\\/\\\/dev.mafra.group\\\/?page_id=1001\",\"name\":\"Consulenza - Mafra Group\",\"isPartOf\":{\"@id\":\"https:\\\/\\\/dev.mafra.group\\\/#website\"},\"datePublished\":\"2022-01-25T14:38:45+00:00\",\"dateModified\":\"2024-10-16T14:25:35+00:00\",\"breadcrumb\":{\"@id\":\"https:\\\/\\\/dev.mafra.group\\\/?page_id=1001#breadcrumb\"},\"inLanguage\":\"en-US\",\"potentialAction\":[{\"@type\":\"ReadAction\",\"target\":[\"https:\\\/\\\/dev.mafra.group\\\/?page_id=1001\"]}]},{\"@type\":\"BreadcrumbList\",\"@id\":\"https:\\\/\\\/dev.mafra.group\\\/?page_id=1001#breadcrumb\",\"itemListElement\":[{\"@type\":\"ListItem\",\"position\":1,\"name\":\"Home\",\"item\":\"https:\\\/\\\/dev.mafra.group\\\/\"},{\"@type\":\"ListItem\",\"position\":2,\"name\":\"Consulenza\"}]},{\"@type\":\"WebSite\",\"@id\":\"https:\\\/\\\/dev.mafra.group\\\/#website\",\"url\":\"https:\\\/\\\/dev.mafra.group\\\/\",\"name\":\"Mafra Group\",\"description\":\"\",\"publisher\":{\"@id\":\"https:\\\/\\\/dev.mafra.group\\\/#organization\"},\"potentialAction\":[{\"@type\":\"SearchAction\",\"target\":{\"@type\":\"EntryPoint\",\"urlTemplate\":\"https:\\\/\\\/dev.mafra.group\\\/?s={search_term_string}\"},\"query-input\":{\"@type\":\"PropertyValueSpecification\",\"valueRequired\":true,\"valueName\":\"search_term_string\"}}],\"inLanguage\":\"en-US\"},{\"@type\":\"Organization\",\"@id\":\"https:\\\/\\\/dev.mafra.group\\\/#organization\",\"name\":\"Mafra Group\",\"url\":\"https:\\\/\\\/dev.mafra.group\\\/\",\"logo\":{\"@type\":\"ImageObject\",\"inLanguage\":\"en-US\",\"@id\":\"https:\\\/\\\/dev.mafra.group\\\/#\\\/schema\\\/logo\\\/image\\\/\",\"url\":\"https:\\\/\\\/dev.mafra.group\\\/wp-content\\\/uploads\\\/2022\\\/02\\\/logo_mafragroup_new.png\",\"contentUrl\":\"https:\\\/\\\/dev.mafra.group\\\/wp-content\\\/uploads\\\/2022\\\/02\\\/logo_mafragroup_new.png\",\"width\":503,\"height\":135,\"caption\":\"Mafra Group\"},\"image\":{\"@id\":\"https:\\\/\\\/dev.mafra.group\\\/#\\\/schema\\\/logo\\\/image\\\/\"}}]}<\/script>\n<!-- \/ Yoast SEO plugin. -->","yoast_head_json":{"title":"Consulenza - Mafra Group","robots":{"index":"index","follow":"follow","max-snippet":"max-snippet:-1","max-image-preview":"max-image-preview:large","max-video-preview":"max-video-preview:-1"},"canonical":"https:\/\/dev.mafra.group\/?page_id=1001","og_locale":"en_US","og_type":"article","og_title":"Consulenza - Mafra Group","og_description":"Assistere le Aziende Partner nel trasformare le proprie Stazioni di Lavaggio da centri di costo a centri di profitto Nell\u2019attuale scenario competitivo, tutto questo significa soprattutto supportare la dirigenza nel rivoluzionare l\u2019approccio al Car Wash, non vedendolo pi\u00f9 come una semplice relazione tra impiego di risorse e quantit\u00e0 di risultati ottenuti, ma come un Centro [&hellip;]","og_url":"https:\/\/dev.mafra.group\/?page_id=1001","og_site_name":"Mafra Group","article_modified_time":"2024-10-16T14:25:35+00:00","twitter_card":"summary_large_image","twitter_misc":{"Est. reading time":"2 minutes"},"schema":{"@context":"https:\/\/schema.org","@graph":[{"@type":"WebPage","@id":"https:\/\/dev.mafra.group\/?page_id=1001","url":"https:\/\/dev.mafra.group\/?page_id=1001","name":"Consulenza - Mafra Group","isPartOf":{"@id":"https:\/\/dev.mafra.group\/#website"},"datePublished":"2022-01-25T14:38:45+00:00","dateModified":"2024-10-16T14:25:35+00:00","breadcrumb":{"@id":"https:\/\/dev.mafra.group\/?page_id=1001#breadcrumb"},"inLanguage":"en-US","potentialAction":[{"@type":"ReadAction","target":["https:\/\/dev.mafra.group\/?page_id=1001"]}]},{"@type":"BreadcrumbList","@id":"https:\/\/dev.mafra.group\/?page_id=1001#breadcrumb","itemListElement":[{"@type":"ListItem","position":1,"name":"Home","item":"https:\/\/dev.mafra.group\/"},{"@type":"ListItem","position":2,"name":"Consulenza"}]},{"@type":"WebSite","@id":"https:\/\/dev.mafra.group\/#website","url":"https:\/\/dev.mafra.group\/","name":"Mafra Group","description":"","publisher":{"@id":"https:\/\/dev.mafra.group\/#organization"},"potentialAction":[{"@type":"SearchAction","target":{"@type":"EntryPoint","urlTemplate":"https:\/\/dev.mafra.group\/?s={search_term_string}"},"query-input":{"@type":"PropertyValueSpecification","valueRequired":true,"valueName":"search_term_string"}}],"inLanguage":"en-US"},{"@type":"Organization","@id":"https:\/\/dev.mafra.group\/#organization","name":"Mafra Group","url":"https:\/\/dev.mafra.group\/","logo":{"@type":"ImageObject","inLanguage":"en-US","@id":"https:\/\/dev.mafra.group\/#\/schema\/logo\/image\/","url":"https:\/\/dev.mafra.group\/wp-content\/uploads\/2022\/02\/logo_mafragroup_new.png","contentUrl":"https:\/\/dev.mafra.group\/wp-content\/uploads\/2022\/02\/logo_mafragroup_new.png","width":503,"height":135,"caption":"Mafra Group"},"image":{"@id":"https:\/\/dev.mafra.group\/#\/schema\/logo\/image\/"}}]}},"_links":{"self":[{"href":"https:\/\/dev.mafra.group\/index.php?rest_route=\/wp\/v2\/pages\/1001","targetHints":{"allow":["GET"]}}],"collection":[{"href":"https:\/\/dev.mafra.group\/index.php?rest_route=\/wp\/v2\/pages"}],"about":[{"href":"https:\/\/dev.mafra.group\/index.php?rest_route=\/wp\/v2\/types\/page"}],"author":[{"embeddable":true,"href":"https:\/\/dev.mafra.group\/index.php?rest_route=\/wp\/v2\/users\/1"}],"replies":[{"embeddable":true,"href":"https:\/\/dev.mafra.group\/index.php?rest_route=%2Fwp%2Fv2%2Fcomments&post=1001"}],"version-history":[{"count":25,"href":"https:\/\/dev.mafra.group\/index.php?rest_route=\/wp\/v2\/pages\/1001\/revisions"}],"predecessor-version":[{"id":4017,"href":"https:\/\/dev.mafra.group\/index.php?rest_route=\/wp\/v2\/pages\/1001\/revisions\/4017"}],"wp:attachment":[{"href":"https:\/\/dev.mafra.group\/index.php?rest_route=%2Fwp%2Fv2%2Fmedia&parent=1001"}],"curies":[{"name":"wp","href":"https:\/\/api.w.org\/{rel}","templated":true}]}}