{"id":995,"date":"2022-01-25T15:36:04","date_gmt":"2022-01-25T14:36:04","guid":{"rendered":"https:\/\/dev.mafra.group\/?page_id=995"},"modified":"2024-10-16T16:26:03","modified_gmt":"2024-10-16T14:26:03","slug":"etica-aziendale","status":"publish","type":"page","link":"https:\/\/dev.mafra.group\/?page_id=995","title":{"rendered":"Etica aziendale"},"content":{"rendered":"\t\t<div data-elementor-type=\"wp-page\" data-elementor-id=\"995\" class=\"elementor elementor-995\" data-elementor-post-type=\"page\">\n\t\t\t\t\t\t<section class=\"elementor-section elementor-top-section elementor-element elementor-element-1e97ddd elementor-section-height-min-height elementor-section-items-top elementor-section-content-middle elementor-section-stretched elementor-section-boxed elementor-section-height-default\" data-id=\"1e97ddd\" data-element_type=\"section\" data-settings=\"{&quot;stretch_section&quot;:&quot;section-stretched&quot;,&quot;background_background&quot;:&quot;classic&quot;}\">\n\t\t\t\t\t\t\t<div class=\"elementor-background-overlay\"><\/div>\n\t\t\t\t\t\t\t<div class=\"elementor-container elementor-column-gap-default\">\n\t\t\t\t\t<div class=\"elementor-column elementor-col-100 elementor-top-column elementor-element elementor-element-decfcfc\" data-id=\"decfcfc\" data-element_type=\"column\">\n\t\t\t<div class=\"elementor-widget-wrap\">\n\t\t\t\t\t\t\t<\/div>\n\t\t<\/div>\n\t\t\t\t\t<\/div>\n\t\t<\/section>\n\t\t\t\t<section class=\"elementor-section elementor-top-section elementor-element elementor-element-af4d3ee elementor-section-boxed elementor-section-height-default elementor-section-height-default\" data-id=\"af4d3ee\" data-element_type=\"section\">\n\t\t\t\t\t\t<div class=\"elementor-container elementor-column-gap-default\">\n\t\t\t\t\t<div class=\"elementor-column elementor-col-100 elementor-top-column elementor-element elementor-element-a487527\" data-id=\"a487527\" data-element_type=\"column\">\n\t\t\t<div class=\"elementor-widget-wrap elementor-element-populated\">\n\t\t\t\t\t\t<div class=\"elementor-element elementor-element-a1e9af5 elementor-widget elementor-widget-heading\" data-id=\"a1e9af5\" data-element_type=\"widget\" data-widget_type=\"heading.default\">\n\t\t\t\t<div class=\"elementor-widget-container\">\n\t\t\t\t\t<h1 class=\"elementor-heading-title elementor-size-default\">etica aziendale<\/h1>\t\t\t\t<\/div>\n\t\t\t\t<\/div>\n\t\t\t\t<div class=\"elementor-element elementor-element-a82e93d elementor-widget elementor-widget-text-editor\" data-id=\"a82e93d\" data-element_type=\"widget\" data-widget_type=\"text-editor.default\">\n\t\t\t\t<div class=\"elementor-widget-container\">\n\t\t\t\t\t\t\t\t\t<p><strong>Lealt\u00e0 e rispetto degli altri sono i fondamenti della nostra Etica<\/strong><\/p>\t\t\t\t\t\t\t\t<\/div>\n\t\t\t\t<\/div>\n\t\t\t\t<div class=\"elementor-element elementor-element-933a0f5 elementor-widget elementor-widget-text-editor\" data-id=\"933a0f5\" data-element_type=\"widget\" data-widget_type=\"text-editor.default\">\n\t\t\t\t<div class=\"elementor-widget-container\">\n\t\t\t\t\t\t\t\t\t<p>Il comune denominatore della nostra realt\u00e0, che emerge in ogni ambito e attivit\u00e0, \u00e8 la forte connotazione di azienda a carattere familiare, che coesiste in una dimensione ormai sempre pi\u00f9 globale. Da sempre abbiamo nel nostro DNA <strong>profondi valori etici,<\/strong> che ci consentono di mettere la singola persona che lavora con noi al centro di ogni attivit\u00e0, ascoltando ci\u00f2 che ha da dire nei percorsi decisionali. Rispettiamo il singolo e ci impegniamo affinch\u00e9 ognuno possa crescere in un <strong>ambiente di lavoro stimolante, diversificato e inclusivo,<\/strong> che favorisca la crescita della persona e la sostenibilit\u00e0 del business.<\/p><p>Il nostro approccio etico al mondo del lavoro lo ritroviamo nei rapporti costruiti negli anni con i nostri <strong>concessionari<\/strong>, legami molto spesso longevi e di assoluta fedelt\u00e0, molti dei quali gi\u00e0 alla &#8220;seconda generazione&#8221;. A tal fine, puntiamo da sempre sul rispetto e sullo scambio di idee, sulla <strong>massima lealt\u00e0<\/strong>, sulla formazione e l\u2019aggiornamento dei nostri Partner, sulla tutela e il mantenimento delle zone assegnate, sulla trasparenza e la voglia di condividere insieme a tutti loro un grande progetto.<\/p><p>In modo del tutto naturale attuiamo politiche di responsabilit\u00e0 d&#8217;impresa, testimonianza delle quali \u00e8 l&#8217;adesione, formalizzata nell&#8217;agosto 2005, al <span style=\"text-decoration: underline;\"><a href=\"http:\/\/www.unglobalcompact.org\"><strong>Global Compact<\/strong><\/a><\/span>. Un programma d&#8217;azione \u2013 promosso dalle <strong>Nazioni Unite<\/strong> su iniziativa diretta del <strong>Segretario Generale<\/strong> \u2013 che ha lo scopo di coinvolgere il mondo delle imprese in una forma di collaborazione con le Nazioni Unite, attraverso l&#8217;adesione a <span style=\"text-decoration: underline;\"><a href=\"https:\/\/www.globalcompactnetwork.org\/it\/il-global-compact-ita\/i-dieci-principi\/introduzione.html\"><strong>dieci principi universali<\/strong><\/a><\/span> nelle aree dei diritti umani, della tutela del lavoro, della salvaguardia dell&#8217;ambiente e della lotta alla corruzione.<\/p><p>MA-FRA \u00e8 anche sostenitrice di <span style=\"text-decoration: underline;\"><a href=\"https:\/\/www.amref.it\/\"><strong>Amref Health Africa<\/strong><\/a><\/span>, l\u2019organizzazione non governativa operativa\u00a0in 35 Paesi a Sud del Sahara, che si propone di migliorare la <strong>salute in Africa<\/strong> attraverso il coinvolgimento attivo delle comunit\u00e0 locali. Un impegno volto ad aumentare e rendere sostenibile l\u2019accesso alla salute per le comunit\u00e0 africane, attraverso la formazione di personale sanitario, investimenti in salute pubblica e una pi\u00f9 estesa fornitura di servizi innovativi.<\/p>\t\t\t\t\t\t\t\t<\/div>\n\t\t\t\t<\/div>\n\t\t\t\t\t<\/div>\n\t\t<\/div>\n\t\t\t\t\t<\/div>\n\t\t<\/section>\n\t\t\t\t<\/div>\n\t\t","protected":false},"excerpt":{"rendered":"<p>etica aziendale Lealt\u00e0 e rispetto degli altri sono i fondamenti della nostra Etica Il comune denominatore della nostra realt\u00e0, che emerge in ogni ambito e attivit\u00e0, \u00e8 la forte connotazione di azienda a carattere familiare, che coesiste in una dimensione ormai sempre pi\u00f9 globale. Da sempre abbiamo nel nostro DNA profondi valori etici, che ci [&hellip;]<\/p>\n","protected":false},"author":1,"featured_media":0,"parent":0,"menu_order":0,"comment_status":"closed","ping_status":"closed","template":"elementor_header_footer","meta":{"inline_featured_image":false,"ocean_post_layout":"","ocean_both_sidebars_style":"","ocean_both_sidebars_content_width":0,"ocean_both_sidebars_sidebars_width":0,"ocean_sidebar":"0","ocean_second_sidebar":"0","ocean_disable_margins":"enable","ocean_add_body_class":"","ocean_shortcode_before_top_bar":"","ocean_shortcode_after_top_bar":"","ocean_shortcode_before_header":"","ocean_shortcode_after_header":"","ocean_has_shortcode":"","ocean_shortcode_after_title":"","ocean_shortcode_before_footer_widgets":"","ocean_shortcode_after_footer_widgets":"","ocean_shortcode_before_footer_bottom":"","ocean_shortcode_after_footer_bottom":"","ocean_display_top_bar":"default","ocean_display_header":"default","ocean_header_style":"","ocean_center_header_left_menu":"0","ocean_custom_header_template":"0","ocean_custom_logo":0,"ocean_custom_retina_logo":0,"ocean_custom_logo_max_width":0,"ocean_custom_logo_tablet_max_width":0,"ocean_custom_logo_mobile_max_width":0,"ocean_custom_logo_max_height":0,"ocean_custom_logo_tablet_max_height":0,"ocean_custom_logo_mobile_max_height":0,"ocean_header_custom_menu":"0","ocean_menu_typo_font_family":"0","ocean_menu_typo_font_subset":"","ocean_menu_typo_font_size":0,"ocean_menu_typo_font_size_tablet":0,"ocean_menu_typo_font_size_mobile":0,"ocean_menu_typo_font_size_unit":"px","ocean_menu_typo_font_weight":"","ocean_menu_typo_font_weight_tablet":"","ocean_menu_typo_font_weight_mobile":"","ocean_menu_typo_transform":"","ocean_menu_typo_transform_tablet":"","ocean_menu_typo_transform_mobile":"","ocean_menu_typo_line_height":0,"ocean_menu_typo_line_height_tablet":0,"ocean_menu_typo_line_height_mobile":0,"ocean_menu_typo_line_height_unit":"","ocean_menu_typo_spacing":0,"ocean_menu_typo_spacing_tablet":0,"ocean_menu_typo_spacing_mobile":0,"ocean_menu_typo_spacing_unit":"","ocean_menu_link_color":"","ocean_menu_link_color_hover":"","ocean_menu_link_color_active":"","ocean_menu_link_background":"","ocean_menu_link_hover_background":"","ocean_menu_link_active_background":"","ocean_menu_social_links_bg":"","ocean_menu_social_hover_links_bg":"","ocean_menu_social_links_color":"","ocean_menu_social_hover_links_color":"","ocean_disable_title":"default","ocean_disable_heading":"default","ocean_post_title":"","ocean_post_subheading":"","ocean_post_title_style":"","ocean_post_title_background_color":"","ocean_post_title_background":0,"ocean_post_title_bg_image_position":"","ocean_post_title_bg_image_attachment":"","ocean_post_title_bg_image_repeat":"","ocean_post_title_bg_image_size":"","ocean_post_title_height":0,"ocean_post_title_bg_overlay":0.5,"ocean_post_title_bg_overlay_color":"","ocean_disable_breadcrumbs":"default","ocean_breadcrumbs_color":"","ocean_breadcrumbs_separator_color":"","ocean_breadcrumbs_links_color":"","ocean_breadcrumbs_links_hover_color":"","ocean_display_footer_widgets":"default","ocean_display_footer_bottom":"default","ocean_custom_footer_template":"0","osh_disable_topbar_sticky":"default","osh_disable_header_sticky":"default","osh_sticky_header_style":"default","osh_sticky_header_effect":"","osh_custom_sticky_logo":0,"osh_custom_retina_sticky_logo":0,"osh_custom_sticky_logo_height":0,"osh_background_color":"","osh_links_color":"","osh_links_hover_color":"","osh_links_active_color":"","osh_links_bg_color":"","osh_links_hover_bg_color":"","osh_links_active_bg_color":"","osh_menu_social_links_color":"","osh_menu_social_hover_links_color":"","footnotes":""},"class_list":["post-995","page","type-page","status-publish","hentry","entry"],"yoast_head":"<!-- This site is optimized with the Yoast SEO plugin v27.6 - https:\/\/yoast.com\/product\/yoast-seo-wordpress\/ -->\n<title>Etica aziendale - Mafra Group<\/title>\n<meta name=\"robots\" content=\"index, follow, max-snippet:-1, max-image-preview:large, max-video-preview:-1\" \/>\n<link rel=\"canonical\" href=\"https:\/\/dev.mafra.group\/?page_id=995\" \/>\n<meta property=\"og:locale\" content=\"en_US\" \/>\n<meta property=\"og:type\" content=\"article\" \/>\n<meta property=\"og:title\" content=\"Etica aziendale - Mafra Group\" \/>\n<meta property=\"og:description\" content=\"etica aziendale Lealt\u00e0 e rispetto degli altri sono i fondamenti della nostra Etica Il comune denominatore della nostra realt\u00e0, che emerge in ogni ambito e attivit\u00e0, \u00e8 la forte connotazione di azienda a carattere familiare, che coesiste in una dimensione ormai sempre pi\u00f9 globale. Da sempre abbiamo nel nostro DNA profondi valori etici, che ci [&hellip;]\" \/>\n<meta property=\"og:url\" content=\"https:\/\/dev.mafra.group\/?page_id=995\" \/>\n<meta property=\"og:site_name\" content=\"Mafra Group\" \/>\n<meta property=\"article:modified_time\" content=\"2024-10-16T14:26:03+00:00\" \/>\n<meta name=\"twitter:card\" content=\"summary_large_image\" \/>\n<meta name=\"twitter:label1\" content=\"Est. reading time\" \/>\n\t<meta name=\"twitter:data1\" content=\"2 minutes\" \/>\n<script type=\"application\/ld+json\" class=\"yoast-schema-graph\">{\"@context\":\"https:\\\/\\\/schema.org\",\"@graph\":[{\"@type\":\"WebPage\",\"@id\":\"https:\\\/\\\/dev.mafra.group\\\/?page_id=995\",\"url\":\"https:\\\/\\\/dev.mafra.group\\\/?page_id=995\",\"name\":\"Etica aziendale - Mafra Group\",\"isPartOf\":{\"@id\":\"https:\\\/\\\/dev.mafra.group\\\/#website\"},\"datePublished\":\"2022-01-25T14:36:04+00:00\",\"dateModified\":\"2024-10-16T14:26:03+00:00\",\"breadcrumb\":{\"@id\":\"https:\\\/\\\/dev.mafra.group\\\/?page_id=995#breadcrumb\"},\"inLanguage\":\"en-US\",\"potentialAction\":[{\"@type\":\"ReadAction\",\"target\":[\"https:\\\/\\\/dev.mafra.group\\\/?page_id=995\"]}]},{\"@type\":\"BreadcrumbList\",\"@id\":\"https:\\\/\\\/dev.mafra.group\\\/?page_id=995#breadcrumb\",\"itemListElement\":[{\"@type\":\"ListItem\",\"position\":1,\"name\":\"Home\",\"item\":\"https:\\\/\\\/dev.mafra.group\\\/\"},{\"@type\":\"ListItem\",\"position\":2,\"name\":\"Etica aziendale\"}]},{\"@type\":\"WebSite\",\"@id\":\"https:\\\/\\\/dev.mafra.group\\\/#website\",\"url\":\"https:\\\/\\\/dev.mafra.group\\\/\",\"name\":\"Mafra Group\",\"description\":\"\",\"publisher\":{\"@id\":\"https:\\\/\\\/dev.mafra.group\\\/#organization\"},\"potentialAction\":[{\"@type\":\"SearchAction\",\"target\":{\"@type\":\"EntryPoint\",\"urlTemplate\":\"https:\\\/\\\/dev.mafra.group\\\/?s={search_term_string}\"},\"query-input\":{\"@type\":\"PropertyValueSpecification\",\"valueRequired\":true,\"valueName\":\"search_term_string\"}}],\"inLanguage\":\"en-US\"},{\"@type\":\"Organization\",\"@id\":\"https:\\\/\\\/dev.mafra.group\\\/#organization\",\"name\":\"Mafra Group\",\"url\":\"https:\\\/\\\/dev.mafra.group\\\/\",\"logo\":{\"@type\":\"ImageObject\",\"inLanguage\":\"en-US\",\"@id\":\"https:\\\/\\\/dev.mafra.group\\\/#\\\/schema\\\/logo\\\/image\\\/\",\"url\":\"https:\\\/\\\/dev.mafra.group\\\/wp-content\\\/uploads\\\/2022\\\/02\\\/logo_mafragroup_new.png\",\"contentUrl\":\"https:\\\/\\\/dev.mafra.group\\\/wp-content\\\/uploads\\\/2022\\\/02\\\/logo_mafragroup_new.png\",\"width\":503,\"height\":135,\"caption\":\"Mafra Group\"},\"image\":{\"@id\":\"https:\\\/\\\/dev.mafra.group\\\/#\\\/schema\\\/logo\\\/image\\\/\"}}]}<\/script>\n<!-- \/ Yoast SEO plugin. -->","yoast_head_json":{"title":"Etica aziendale - Mafra Group","robots":{"index":"index","follow":"follow","max-snippet":"max-snippet:-1","max-image-preview":"max-image-preview:large","max-video-preview":"max-video-preview:-1"},"canonical":"https:\/\/dev.mafra.group\/?page_id=995","og_locale":"en_US","og_type":"article","og_title":"Etica aziendale - Mafra Group","og_description":"etica aziendale Lealt\u00e0 e rispetto degli altri sono i fondamenti della nostra Etica Il comune denominatore della nostra realt\u00e0, che emerge in ogni ambito e attivit\u00e0, \u00e8 la forte connotazione di azienda a carattere familiare, che coesiste in una dimensione ormai sempre pi\u00f9 globale. Da sempre abbiamo nel nostro DNA profondi valori etici, che ci [&hellip;]","og_url":"https:\/\/dev.mafra.group\/?page_id=995","og_site_name":"Mafra Group","article_modified_time":"2024-10-16T14:26:03+00:00","twitter_card":"summary_large_image","twitter_misc":{"Est. reading time":"2 minutes"},"schema":{"@context":"https:\/\/schema.org","@graph":[{"@type":"WebPage","@id":"https:\/\/dev.mafra.group\/?page_id=995","url":"https:\/\/dev.mafra.group\/?page_id=995","name":"Etica aziendale - Mafra Group","isPartOf":{"@id":"https:\/\/dev.mafra.group\/#website"},"datePublished":"2022-01-25T14:36:04+00:00","dateModified":"2024-10-16T14:26:03+00:00","breadcrumb":{"@id":"https:\/\/dev.mafra.group\/?page_id=995#breadcrumb"},"inLanguage":"en-US","potentialAction":[{"@type":"ReadAction","target":["https:\/\/dev.mafra.group\/?page_id=995"]}]},{"@type":"BreadcrumbList","@id":"https:\/\/dev.mafra.group\/?page_id=995#breadcrumb","itemListElement":[{"@type":"ListItem","position":1,"name":"Home","item":"https:\/\/dev.mafra.group\/"},{"@type":"ListItem","position":2,"name":"Etica aziendale"}]},{"@type":"WebSite","@id":"https:\/\/dev.mafra.group\/#website","url":"https:\/\/dev.mafra.group\/","name":"Mafra Group","description":"","publisher":{"@id":"https:\/\/dev.mafra.group\/#organization"},"potentialAction":[{"@type":"SearchAction","target":{"@type":"EntryPoint","urlTemplate":"https:\/\/dev.mafra.group\/?s={search_term_string}"},"query-input":{"@type":"PropertyValueSpecification","valueRequired":true,"valueName":"search_term_string"}}],"inLanguage":"en-US"},{"@type":"Organization","@id":"https:\/\/dev.mafra.group\/#organization","name":"Mafra Group","url":"https:\/\/dev.mafra.group\/","logo":{"@type":"ImageObject","inLanguage":"en-US","@id":"https:\/\/dev.mafra.group\/#\/schema\/logo\/image\/","url":"https:\/\/dev.mafra.group\/wp-content\/uploads\/2022\/02\/logo_mafragroup_new.png","contentUrl":"https:\/\/dev.mafra.group\/wp-content\/uploads\/2022\/02\/logo_mafragroup_new.png","width":503,"height":135,"caption":"Mafra Group"},"image":{"@id":"https:\/\/dev.mafra.group\/#\/schema\/logo\/image\/"}}]}},"_links":{"self":[{"href":"https:\/\/dev.mafra.group\/index.php?rest_route=\/wp\/v2\/pages\/995","targetHints":{"allow":["GET"]}}],"collection":[{"href":"https:\/\/dev.mafra.group\/index.php?rest_route=\/wp\/v2\/pages"}],"about":[{"href":"https:\/\/dev.mafra.group\/index.php?rest_route=\/wp\/v2\/types\/page"}],"author":[{"embeddable":true,"href":"https:\/\/dev.mafra.group\/index.php?rest_route=\/wp\/v2\/users\/1"}],"replies":[{"embeddable":true,"href":"https:\/\/dev.mafra.group\/index.php?rest_route=%2Fwp%2Fv2%2Fcomments&post=995"}],"version-history":[{"count":31,"href":"https:\/\/dev.mafra.group\/index.php?rest_route=\/wp\/v2\/pages\/995\/revisions"}],"predecessor-version":[{"id":4020,"href":"https:\/\/dev.mafra.group\/index.php?rest_route=\/wp\/v2\/pages\/995\/revisions\/4020"}],"wp:attachment":[{"href":"https:\/\/dev.mafra.group\/index.php?rest_route=%2Fwp%2Fv2%2Fmedia&parent=995"}],"curies":[{"name":"wp","href":"https:\/\/api.w.org\/{rel}","templated":true}]}}